{"id":2500,"date":"2024-10-28T19:05:35","date_gmt":"2024-10-28T18:05:35","guid":{"rendered":"https:\/\/apartamentosvacacionalesalicante.com\/politica-de-cookies-ue\/"},"modified":"2024-11-12T11:55:46","modified_gmt":"2024-11-12T10:55:46","slug":"politica-de-cookies-ue","status":"publish","type":"page","link":"https:\/\/apartamentosvacacionalesalicante.com\/en\/politica-de-cookies-ue\/","title":{"rendered":"Cookie policy"},"content":{"rendered":"<div data-elementor-type=\"wp-page\" data-elementor-id=\"2500\" class=\"elementor elementor-2500\" data-elementor-post-type=\"page\">\n\t\t\t\t<div data-particle_enable=\"false\" data-particle-mobile-disabled=\"false\" class=\"elementor-element elementor-element-59f19d11 e-flex e-con-boxed e-con e-parent\" data-id=\"59f19d11\" data-element_type=\"container\" data-e-type=\"container\">\n\t\t\t\t\t<div class=\"e-con-inner\">\n\t\t\t\t<div class=\"elementor-element elementor-element-5100d8a elementor-widget elementor-widget-text-editor\" data-id=\"5100d8a\" data-element_type=\"widget\" data-e-type=\"widget\" data-widget_type=\"text-editor.default\">\n\t\t\t\t<div class=\"elementor-widget-container\">\n\t\t\t\t\t\t\t\t\t<p><strong>POL\u00cdTICA DE COOKIES:<br \/><br \/><\/strong><\/p><p>Concepto de Cookies: Las cookies son peque\u00f1os archivos de texto que las p\u00e1ginas web pueden utilizar para hacer m\u00e1s eficiente la experiencia del usuario. La ley afirma que podemos almacenar cookies en su dispositivo si son estrictamente necesarias para el funcionamiento de esta p\u00e1gina. Para todos los dem\u00e1s tipos de cookies necesitamos su permiso.<\/p><p>\u00a0<\/p><p><em>Cookies que utiliza el sitio web<\/em>:<\/p><p>\u00a0<\/p><p><strong>Estrictamente necesarias<\/strong>: Informan de la sesi\u00f3n del usuario, detalles del registro, reservas, gesti\u00f3n del alta, mantenimiento de la sesi\u00f3n del usuario, personalizaci\u00f3n de la navegaci\u00f3n y equilibrio de carga de la web.<\/p><p>\u00a0<\/p><p><strong>No necesarias pero recomendables para la web (Google Analytics)<\/strong>: Informa de las visitas, tiempo de navegaci\u00f3n, tipo de b\u00fasquedas, navegador utilizado, operador que presta el servicio, ubicaci\u00f3n vinculada a la direcci\u00f3n IP e introducci\u00f3n de mejoras en funci\u00f3n del an\u00e1lisis de los datos de uso que hacen los usuarios.<\/p><p>\u00a0<\/p><p><strong>No necesarias pero recomendables para la web (Google Adwords)<\/strong>: Informa de la direcci\u00f3n IP, b\u00fasquedas realizadas, enlaces y anuncios accedidos. Muestra los productos que m\u00e1s se adecuen al usuario, segmenta al p\u00fablico objetivo, mide resultados y detecta nuevos mercados.<\/p><p>\u00a0<\/p><p><strong>Desactivaci\u00f3n de cookies<\/strong>: El usuario al entrar en la web podr\u00e1 elegir en el panel de informaci\u00f3n inicial que ofrece la misma, qu\u00e9 cookies quiere que funcionen, y tambi\u00e9n pudiendo desactivar las cookies con la configuraci\u00f3n del navegador que utilice:<\/p><p>\u00a0<\/p><ul><li>CHROME: http:\/\/support.google.com\/chrome\/bin\/answer.py?hl=es&amp;answer=95647<\/li><li>EXPLORER: http:\/\/windows.microsoft.com\/en-GB\/windows-vista\/Block-or-allow-cookies<\/li><li>FIREFOX: http:\/\/support.mozilla.org\/en-US\/kb\/<\/li><li>SAFARI: http:\/\/support.apple.com\/kb\/ph5042<\/li><\/ul><p>\u00a0<\/p><p><strong>Cambios en la pol\u00edtica de cookies<\/strong>: Es posible que actualicemos la Pol\u00edtica de Cookies de nuestro sitio web, por ello le recomendamos revisar esta pol\u00edtica cada vez que acceda con el objetivo de estar adecuadamente informado sobre c\u00f3mo y para qu\u00e9 usamos las cookies.<\/p>\t\t\t\t\t\t\t\t<\/div>\n\t\t\t\t<\/div>\n\t\t\t\t\t<\/div>\n\t\t\t\t<\/div>\n\t\t\t\t<\/div>","protected":false},"excerpt":{"rendered":"<p>POL\u00cdTICA DE COOKIES: Concepto de Cookies: Las cookies son peque\u00f1os archivos de texto que las p\u00e1ginas web pueden utilizar para hacer m\u00e1s eficiente la experiencia&#8230;(ver m\u00e1s)<\/p>","protected":false},"author":1,"featured_media":0,"parent":0,"menu_order":0,"comment_status":"closed","ping_status":"closed","template":"elementor_header_footer","meta":{"_acf_changed":false,"footnotes":""},"class_list":["post-2500","page","type-page","status-publish","hentry"],"acf":[],"_links":{"self":[{"href":"https:\/\/apartamentosvacacionalesalicante.com\/en\/wp-json\/wp\/v2\/pages\/2500","targetHints":{"allow":["GET"]}}],"collection":[{"href":"https:\/\/apartamentosvacacionalesalicante.com\/en\/wp-json\/wp\/v2\/pages"}],"about":[{"href":"https:\/\/apartamentosvacacionalesalicante.com\/en\/wp-json\/wp\/v2\/types\/page"}],"author":[{"embeddable":true,"href":"https:\/\/apartamentosvacacionalesalicante.com\/en\/wp-json\/wp\/v2\/users\/1"}],"replies":[{"embeddable":true,"href":"https:\/\/apartamentosvacacionalesalicante.com\/en\/wp-json\/wp\/v2\/comments?post=2500"}],"version-history":[{"count":8,"href":"https:\/\/apartamentosvacacionalesalicante.com\/en\/wp-json\/wp\/v2\/pages\/2500\/revisions"}],"predecessor-version":[{"id":2878,"href":"https:\/\/apartamentosvacacionalesalicante.com\/en\/wp-json\/wp\/v2\/pages\/2500\/revisions\/2878"}],"wp:attachment":[{"href":"https:\/\/apartamentosvacacionalesalicante.com\/en\/wp-json\/wp\/v2\/media?parent=2500"}],"curies":[{"name":"wp","href":"https:\/\/api.w.org\/{rel}","templated":true}]}}